{"id":5,"date":"2019-09-21T00:45:31","date_gmt":"2019-09-20T22:45:31","guid":{"rendered":"http:\/\/malkiradio.com\/inicio\/?page_id=5"},"modified":"2023-05-22T15:08:29","modified_gmt":"2023-05-22T13:08:29","slug":"malki-radio-world-music-musique-de-lamerique-latine-et-du-monde","status":"publish","type":"page","link":"https:\/\/malkiradio.com\/inicio\/","title":{"rendered":"MALKI Radio World Music"},"content":{"rendered":"\t\t<div data-elementor-type=\"wp-page\" data-elementor-id=\"5\" class=\"elementor elementor-5\">\n\t\t\t\t\t\t<section class=\"elementor-section elementor-top-section elementor-element elementor-element-1afxs0x elementor-section-content-middle elementor-section-full_width elementor-section-height-default elementor-section-height-default elementor-invisible\" data-id=\"1afxs0x\" data-element_type=\"section\" data-e-type=\"section\" data-settings=\"{&quot;background_background&quot;:&quot;classic&quot;,&quot;animation&quot;:&quot;zoomInUp&quot;}\">\n\t\t\t\t\t\t<div class=\"elementor-container elementor-column-gap-default\">\n\t\t\t\t\t<div class=\"elementor-column elementor-col-100 elementor-top-column elementor-element elementor-element-cda29b6\" data-id=\"cda29b6\" data-element_type=\"column\" data-e-type=\"column\">\n\t\t\t<div class=\"elementor-widget-wrap elementor-element-populated\">\n\t\t\t\t\t\t<div class=\"elementor-element elementor-element-bbf9616 elementor-widget elementor-widget-heading\" data-id=\"bbf9616\" data-element_type=\"widget\" data-e-type=\"widget\" data-widget_type=\"heading.default\">\n\t\t\t\t<div class=\"elementor-widget-container\">\n\t\t\t\t\t<h1 class=\"elementor-heading-title elementor-size-default\">MALKI Radio World Music<\/h1>\t\t\t\t<\/div>\n\t\t\t\t<\/div>\n\t\t\t\t<section class=\"elementor-section elementor-inner-section elementor-element elementor-element-29103eb elementor-section-boxed elementor-section-height-default elementor-section-height-default\" data-id=\"29103eb\" data-element_type=\"section\" data-e-type=\"section\">\n\t\t\t\t\t\t<div class=\"elementor-container elementor-column-gap-default\">\n\t\t\t\t\t<div class=\"elementor-column elementor-col-100 elementor-inner-column elementor-element elementor-element-cb10aab\" data-id=\"cb10aab\" data-element_type=\"column\" data-e-type=\"column\">\n\t\t\t<div class=\"elementor-widget-wrap elementor-element-populated\">\n\t\t\t\t\t\t<div class=\"elementor-element elementor-element-fc5bfc3 elementor-align-center elementor-mobile-align-center elementor-widget elementor-widget-button\" data-id=\"fc5bfc3\" data-element_type=\"widget\" data-e-type=\"widget\" data-widget_type=\"button.default\">\n\t\t\t\t<div class=\"elementor-widget-container\">\n\t\t\t\t\t\t\t\t\t<div class=\"elementor-button-wrapper\">\n\t\t\t\t\t<a class=\"elementor-button elementor-button-link elementor-size-md\" href=\"https:\/\/wa.me\/41793792740\" target=\"_blank\">\n\t\t\t\t\t\t<span class=\"elementor-button-content-wrapper\">\n\t\t\t\t\t\t\t\t\t<span class=\"elementor-button-text\">WhatsApp : +41 79 379 27 40<\/span>\n\t\t\t\t\t<\/span>\n\t\t\t\t\t<\/a>\n\t\t\t\t<\/div>\n\t\t\t\t\t\t\t\t<\/div>\n\t\t\t\t<\/div>\n\t\t\t\t<div class=\"elementor-element elementor-element-4df1d2f e-grid-align-mobile-center elementor-shape-rounded elementor-grid-0 e-grid-align-center elementor-widget elementor-widget-social-icons\" data-id=\"4df1d2f\" data-element_type=\"widget\" data-e-type=\"widget\" data-widget_type=\"social-icons.default\">\n\t\t\t\t<div class=\"elementor-widget-container\">\n\t\t\t\t\t\t\t<div class=\"elementor-social-icons-wrapper elementor-grid\" role=\"list\">\n\t\t\t\t\t\t\t<span class=\"elementor-grid-item\" role=\"listitem\">\n\t\t\t\t\t<a class=\"elementor-icon elementor-social-icon elementor-social-icon-facebook-f elementor-repeater-item-9df531e\" href=\"https:\/\/www.facebook.com\/malkiradio\/\" target=\"_blank\">\n\t\t\t\t\t\t<span class=\"elementor-screen-only\">Facebook-f<\/span>\n\t\t\t\t\t\t<i aria-hidden=\"true\" class=\"fab fa-facebook-f\"><\/i>\t\t\t\t\t<\/a>\n\t\t\t\t<\/span>\n\t\t\t\t\t\t\t<span class=\"elementor-grid-item\" role=\"listitem\">\n\t\t\t\t\t<a class=\"elementor-icon elementor-social-icon elementor-social-icon-twitter elementor-repeater-item-e455e88\" href=\"https:\/\/twitter.com\/malkiradio\/\" target=\"_blank\">\n\t\t\t\t\t\t<span class=\"elementor-screen-only\">Twitter<\/span>\n\t\t\t\t\t\t<i aria-hidden=\"true\" class=\"fab fa-twitter\"><\/i>\t\t\t\t\t<\/a>\n\t\t\t\t<\/span>\n\t\t\t\t\t\t\t<span class=\"elementor-grid-item\" role=\"listitem\">\n\t\t\t\t\t<a class=\"elementor-icon elementor-social-icon elementor-social-icon-youtube elementor-repeater-item-99d596e\" href=\"https:\/\/www.youtube.com\/playlist?list=PL03KsqnuYoJ6dYJJq-qKxcX7sgPmwHcWG\" target=\"_blank\">\n\t\t\t\t\t\t<span class=\"elementor-screen-only\">Youtube<\/span>\n\t\t\t\t\t\t<i aria-hidden=\"true\" class=\"fab fa-youtube\"><\/i>\t\t\t\t\t<\/a>\n\t\t\t\t<\/span>\n\t\t\t\t\t\t\t<span class=\"elementor-grid-item\" role=\"listitem\">\n\t\t\t\t\t<a class=\"elementor-icon elementor-social-icon elementor-social-icon-linkedin elementor-repeater-item-f787bb6\" href=\"https:\/\/www.linkedin.com\/in\/malki-media-4a7474136\/\" target=\"_blank\">\n\t\t\t\t\t\t<span class=\"elementor-screen-only\">Linkedin<\/span>\n\t\t\t\t\t\t<i aria-hidden=\"true\" class=\"fab fa-linkedin\"><\/i>\t\t\t\t\t<\/a>\n\t\t\t\t<\/span>\n\t\t\t\t\t<\/div>\n\t\t\t\t\t\t<\/div>\n\t\t\t\t<\/div>\n\t\t\t\t\t<\/div>\n\t\t<\/div>\n\t\t\t\t\t<\/div>\n\t\t<\/section>\n\t\t\t\t\t<\/div>\n\t\t<\/div>\n\t\t\t\t\t<\/div>\n\t\t<\/section>\n\t\t\t\t<section class=\"elementor-section elementor-top-section elementor-element elementor-element-77a9a2a elementor-section-boxed elementor-section-height-default elementor-section-height-default\" data-id=\"77a9a2a\" data-element_type=\"section\" data-e-type=\"section\">\n\t\t\t\t\t\t<div class=\"elementor-container elementor-column-gap-default\">\n\t\t\t\t\t<div class=\"elementor-column elementor-col-100 elementor-top-column elementor-element elementor-element-b9e5277\" data-id=\"b9e5277\" data-element_type=\"column\" data-e-type=\"column\">\n\t\t\t<div class=\"elementor-widget-wrap elementor-element-populated\">\n\t\t\t\t\t\t<div class=\"elementor-element elementor-element-871f305 elementor-widget elementor-widget-html\" data-id=\"871f305\" data-element_type=\"widget\" data-e-type=\"widget\" data-widget_type=\"html.default\">\n\t\t\t\t<div class=\"elementor-widget-container\">\n\t\t\t\t\t<iframe data-src=\"https:\/\/radio.andaina.net\/cp\/widgets\/player\/single\/?p=8070\" height=\"110\" width=\"100%\" scrolling=\"no\" style=\"border:none;\" src=\"data:image\/svg+xml;base64,PHN2ZyB3aWR0aD0iMSIgaGVpZ2h0PSIxIiB4bWxucz0iaHR0cDovL3d3dy53My5vcmcvMjAwMC9zdmciPjwvc3ZnPg==\" class=\"lazyload\" data-load-mode=\"1\"><\/iframe>\n\n<a href=\"https:\/\/radio.andaina.net\/cp\/links.php?p=8070&m=pls\"><img decoding=\"async\" data-src=\"https:\/\/radio.andaina.net\/cp\/inc\/images\/players\/winamp2.png\" border=\"0\" src=\"data:image\/svg+xml;base64,PHN2ZyB3aWR0aD0iMSIgaGVpZ2h0PSIxIiB4bWxucz0iaHR0cDovL3d3dy53My5vcmcvMjAwMC9zdmciPjwvc3ZnPg==\" class=\"lazyload\"><\/a>\n\n<a href=\"https:\/\/radio.andaina.net\/cp\/links.php?p=8070&m=asx\"><img decoding=\"async\" data-src=\"https:\/\/radio.andaina.net\/cp\/inc\/images\/players\/mediaplayer.png\" border=\"0\" src=\"data:image\/svg+xml;base64,PHN2ZyB3aWR0aD0iMSIgaGVpZ2h0PSIxIiB4bWxucz0iaHR0cDovL3d3dy53My5vcmcvMjAwMC9zdmciPjwvc3ZnPg==\" class=\"lazyload\"><\/a>\n\n<a href=\"https:\/\/radio.andaina.net\/cp\/links.php?p=8070&m=pls\"><img decoding=\"async\" data-src=\"https:\/\/radio.andaina.net\/cp\/inc\/images\/players\/vlc.png\" border=\"0\" src=\"data:image\/svg+xml;base64,PHN2ZyB3aWR0aD0iMSIgaGVpZ2h0PSIxIiB4bWxucz0iaHR0cDovL3d3dy53My5vcmcvMjAwMC9zdmciPjwvc3ZnPg==\" class=\"lazyload\"><\/a>\n\n<a href=\"https:\/\/radio.andaina.net\/cp\/links.php?p=8070&m=pls\"><img decoding=\"async\" data-src=\"https:\/\/radio.andaina.net\/cp\/inc\/images\/players\/itunes.png\" border=\"0\" src=\"data:image\/svg+xml;base64,PHN2ZyB3aWR0aD0iMSIgaGVpZ2h0PSIxIiB4bWxucz0iaHR0cDovL3d3dy53My5vcmcvMjAwMC9zdmciPjwvc3ZnPg==\" class=\"lazyload\"><\/a>\n\n<a href=\"https:\/\/radio.andaina.net\/cp\/links.php?p=8070&m=ram\"><img decoding=\"async\" data-src=\"https:\/\/radio.andaina.net\/cp\/inc\/images\/players\/real.png\" border=\"0\" src=\"data:image\/svg+xml;base64,PHN2ZyB3aWR0aD0iMSIgaGVpZ2h0PSIxIiB4bWxucz0iaHR0cDovL3d3dy53My5vcmcvMjAwMC9zdmciPjwvc3ZnPg==\" class=\"lazyload\"><\/a>\n\n<a href=\"https:\/\/radio.andaina.net\/8070\/stream\" target=\"_blank\"><img decoding=\"async\" data-src=\"https:\/\/radio.andaina.net\/cp\/inc\/images\/players\/sslplay.png\" border=\"0\" src=\"data:image\/svg+xml;base64,PHN2ZyB3aWR0aD0iMSIgaGVpZ2h0PSIxIiB4bWxucz0iaHR0cDovL3d3dy53My5vcmcvMjAwMC9zdmciPjwvc3ZnPg==\" class=\"lazyload\"><\/a>\t\t\t\t<\/div>\n\t\t\t\t<\/div>\n\t\t\t\t\t<\/div>\n\t\t<\/div>\n\t\t\t\t\t<\/div>\n\t\t<\/section>\n\t\t\t\t<section class=\"elementor-section elementor-top-section elementor-element elementor-element-ba7291f elementor-section-boxed elementor-section-height-default elementor-section-height-default\" data-id=\"ba7291f\" data-element_type=\"section\" data-e-type=\"section\">\n\t\t\t\t\t\t<div class=\"elementor-container elementor-column-gap-default\">\n\t\t\t\t\t<div class=\"elementor-column elementor-col-100 elementor-top-column elementor-element elementor-element-07c37ae\" data-id=\"07c37ae\" data-element_type=\"column\" data-e-type=\"column\">\n\t\t\t<div class=\"elementor-widget-wrap elementor-element-populated\">\n\t\t\t\t\t\t<div class=\"elementor-element elementor-element-a575cfd elementor-widget elementor-widget-html\" data-id=\"a575cfd\" data-element_type=\"widget\" data-e-type=\"widget\" data-widget_type=\"html.default\">\n\t\t\t\t<div class=\"elementor-widget-container\">\n\t\t\t\t\t<iframe data-src=\"https:\/\/radio.andaina.net\/cp\/widgets\/dj\/?p=8070\" height=\"160\" width=\"460\"\r\nscrolling=\"no\" style=\"border:none;\" src=\"data:image\/svg+xml;base64,PHN2ZyB3aWR0aD0iMSIgaGVpZ2h0PSIxIiB4bWxucz0iaHR0cDovL3d3dy53My5vcmcvMjAwMC9zdmciPjwvc3ZnPg==\" class=\"lazyload\" data-load-mode=\"1\"><\/iframe>\t\t\t\t<\/div>\n\t\t\t\t<\/div>\n\t\t\t\t\t<\/div>\n\t\t<\/div>\n\t\t\t\t\t<\/div>\n\t\t<\/section>\n\t\t\t\t<\/div>\n\t\t<!-- AddThis Advanced Settings generic via filter on the_content --><!-- AddThis Share Buttons generic via filter on the_content -->","protected":false},"excerpt":{"rendered":"<p>MALKI Radio World Music WhatsApp : +41 79 379 27 40 Facebook-f Twitter Youtube Linkedin<!-- AddThis Advanced Settings generic via filter on get_the_excerpt --><!-- AddThis Share Buttons generic via filter on get_the_excerpt --><\/p>\n","protected":false},"author":1,"featured_media":87,"parent":0,"menu_order":0,"comment_status":"open","ping_status":"closed","template":"","meta":{"site-sidebar-layout":"default","site-content-layout":"","ast-site-content-layout":"default","site-content-style":"default","site-sidebar-style":"default","ast-global-header-display":"","ast-banner-title-visibility":"","ast-main-header-display":"","ast-hfb-above-header-display":"","ast-hfb-below-header-display":"","ast-hfb-mobile-header-display":"","site-post-title":"","ast-breadcrumbs-content":"","ast-featured-img":"","footer-sml-layout":"","ast-disable-related-posts":"","theme-transparent-header-meta":"","adv-header-id-meta":"","stick-header-meta":"","header-above-stick-meta":"","header-main-stick-meta":"","header-below-stick-meta":"","astra-migrate-meta-layouts":"default","ast-page-background-enabled":"default","ast-page-background-meta":{"desktop":{"background-color":"var(--ast-global-color-4)","background-image":"","background-repeat":"repeat","background-position":"center center","background-size":"auto","background-attachment":"scroll","background-type":"","background-media":"","overlay-type":"","overlay-color":"","overlay-opacity":"","overlay-gradient":""},"tablet":{"background-color":"","background-image":"","background-repeat":"repeat","background-position":"center center","background-size":"auto","background-attachment":"scroll","background-type":"","background-media":"","overlay-type":"","overlay-color":"","overlay-opacity":"","overlay-gradient":""},"mobile":{"background-color":"","background-image":"","background-repeat":"repeat","background-position":"center center","background-size":"auto","background-attachment":"scroll","background-type":"","background-media":"","overlay-type":"","overlay-color":"","overlay-opacity":"","overlay-gradient":""}},"ast-content-background-meta":{"desktop":{"background-color":"var(--ast-global-color-5)","background-image":"","background-repeat":"repeat","background-position":"center center","background-size":"auto","background-attachment":"scroll","background-type":"","background-media":"","overlay-type":"","overlay-color":"","overlay-opacity":"","overlay-gradient":""},"tablet":{"background-color":"var(--ast-global-color-5)","background-image":"","background-repeat":"repeat","background-position":"center center","background-size":"auto","background-attachment":"scroll","background-type":"","background-media":"","overlay-type":"","overlay-color":"","overlay-opacity":"","overlay-gradient":""},"mobile":{"background-color":"var(--ast-global-color-5)","background-image":"","background-repeat":"repeat","background-position":"center center","background-size":"auto","background-attachment":"scroll","background-type":"","background-media":"","overlay-type":"","overlay-color":"","overlay-opacity":"","overlay-gradient":""}},"footnotes":""},"class_list":["post-5","page","type-page","status-publish","has-post-thumbnail","hentry"],"yoast_head":"<!-- This site is optimized with the Yoast SEO plugin v27.3 - https:\/\/yoast.com\/product\/yoast-seo-wordpress\/ -->\n<title>MALKI Radio World Music - Musique d&#039;Am\u00e9rique latine et du Monde<\/title>\n<meta name=\"description\" content=\"Musique de l&#039;Am\u00e9rique latine et du quatre coins du Monde. Tr\u00e8s vari\u00e9e !!... LLAQTAKUNAPI les jeudis: musique traditionnelle latino-am\u00e9ricaine\" \/>\n<meta name=\"robots\" content=\"index, follow, max-snippet:-1, max-image-preview:large, max-video-preview:-1\" \/>\n<link rel=\"canonical\" href=\"https:\/\/malkiradio.com\/inicio\/\" \/>\n<meta property=\"og:locale\" content=\"fr_FR\" \/>\n<meta property=\"og:type\" content=\"article\" \/>\n<meta property=\"og:title\" content=\"MALKI Radio World Music - Musique de l&#039;Am\u00e9rique latine et du Monde\" \/>\n<meta property=\"og:description\" content=\"Station en ligne qui transmet toutes sortes de contenu li\" \/>\n<meta property=\"og:url\" content=\"https:\/\/malkiradio.com\/inicio\/\" \/>\n<meta property=\"og:site_name\" content=\"MALKI Radio World Music\" \/>\n<meta property=\"article:publisher\" content=\"https:\/\/www.facebook.com\/malkiradio\" \/>\n<meta property=\"article:modified_time\" content=\"2023-05-22T13:08:29+00:00\" \/>\n<meta property=\"og:image\" content=\"https:\/\/malkiradio.com\/inicio\/wp-content\/uploads\/2019\/09\/cropped-cropped-Logo-MALKI-Radio-fondo-transparente-e1570635948644.png\" \/>\n\t<meta property=\"og:image:width\" content=\"512\" \/>\n\t<meta property=\"og:image:height\" content=\"512\" \/>\n\t<meta property=\"og:image:type\" content=\"image\/png\" \/>\n<meta name=\"twitter:card\" content=\"summary_large_image\" \/>\n<meta name=\"twitter:title\" content=\"MALKI Radio World Music - Musique de l&#039;Am\u00e9rique latine et du Monde\" \/>\n<meta name=\"twitter:description\" content=\"Station en ligne qui transmet toutes sortes de contenu li\" \/>\n<meta name=\"twitter:site\" content=\"@malkiradio\" \/>\n<meta name=\"twitter:label1\" content=\"Dur\u00e9e de lecture estim\u00e9e\" \/>\n\t<meta name=\"twitter:data1\" content=\"2 minutes\" \/>\n<script type=\"application\/ld+json\" class=\"yoast-schema-graph\">{\"@context\":\"https:\\\/\\\/schema.org\",\"@graph\":[{\"@type\":\"WebPage\",\"@id\":\"https:\\\/\\\/malkiradio.com\\\/inicio\\\/\",\"url\":\"https:\\\/\\\/malkiradio.com\\\/inicio\\\/\",\"name\":\"MALKI Radio World Music - Musique d'Am\u00e9rique latine et du Monde\",\"isPartOf\":{\"@id\":\"https:\\\/\\\/malkiradio.com\\\/inicio\\\/#website\"},\"primaryImageOfPage\":{\"@id\":\"https:\\\/\\\/malkiradio.com\\\/inicio\\\/#primaryimage\"},\"image\":{\"@id\":\"https:\\\/\\\/malkiradio.com\\\/inicio\\\/#primaryimage\"},\"thumbnailUrl\":\"https:\\\/\\\/malkiradio.com\\\/inicio\\\/wp-content\\\/uploads\\\/2019\\\/09\\\/Logo-MALKI-Radio-fondo-transparente-e1570635948644.png\",\"datePublished\":\"2019-09-20T22:45:31+00:00\",\"dateModified\":\"2023-05-22T13:08:29+00:00\",\"description\":\"Musique de l'Am\u00e9rique latine et du quatre coins du Monde. Tr\u00e8s vari\u00e9e !!... LLAQTAKUNAPI les jeudis: musique traditionnelle latino-am\u00e9ricaine\",\"breadcrumb\":{\"@id\":\"https:\\\/\\\/malkiradio.com\\\/inicio\\\/#breadcrumb\"},\"inLanguage\":\"fr-FR\",\"potentialAction\":[{\"@type\":\"ReadAction\",\"target\":[\"https:\\\/\\\/malkiradio.com\\\/inicio\\\/\"]}]},{\"@type\":\"ImageObject\",\"inLanguage\":\"fr-FR\",\"@id\":\"https:\\\/\\\/malkiradio.com\\\/inicio\\\/#primaryimage\",\"url\":\"https:\\\/\\\/malkiradio.com\\\/inicio\\\/wp-content\\\/uploads\\\/2019\\\/09\\\/Logo-MALKI-Radio-fondo-transparente-e1570635948644.png\",\"contentUrl\":\"https:\\\/\\\/malkiradio.com\\\/inicio\\\/wp-content\\\/uploads\\\/2019\\\/09\\\/Logo-MALKI-Radio-fondo-transparente-e1570635948644.png\",\"width\":1331,\"height\":1331,\"caption\":\"Musique de l'Am\"},{\"@type\":\"BreadcrumbList\",\"@id\":\"https:\\\/\\\/malkiradio.com\\\/inicio\\\/#breadcrumb\",\"itemListElement\":[{\"@type\":\"ListItem\",\"position\":1,\"name\":\"Accueil\",\"item\":\"https:\\\/\\\/malkiradio.com\\\/inicio\\\/\"},{\"@type\":\"ListItem\",\"position\":2,\"name\":\"MALKI Radio World Music\"}]},{\"@type\":\"WebSite\",\"@id\":\"https:\\\/\\\/malkiradio.com\\\/inicio\\\/#website\",\"url\":\"https:\\\/\\\/malkiradio.com\\\/inicio\\\/\",\"name\":\"MALKI Radio World Music\",\"description\":\"Musique de l&#039;Am\u00e9rique latine et du Monde\",\"publisher\":{\"@id\":\"https:\\\/\\\/malkiradio.com\\\/inicio\\\/#organization\"},\"potentialAction\":[{\"@type\":\"SearchAction\",\"target\":{\"@type\":\"EntryPoint\",\"urlTemplate\":\"https:\\\/\\\/malkiradio.com\\\/inicio\\\/?s={search_term_string}\"},\"query-input\":{\"@type\":\"PropertyValueSpecification\",\"valueRequired\":true,\"valueName\":\"search_term_string\"}}],\"inLanguage\":\"fr-FR\"},{\"@type\":\"Organization\",\"@id\":\"https:\\\/\\\/malkiradio.com\\\/inicio\\\/#organization\",\"name\":\"MALKI Radio World Music\",\"alternateName\":\"MALKI Radio\",\"url\":\"https:\\\/\\\/malkiradio.com\\\/inicio\\\/\",\"logo\":{\"@type\":\"ImageObject\",\"inLanguage\":\"fr-FR\",\"@id\":\"https:\\\/\\\/malkiradio.com\\\/inicio\\\/#\\\/schema\\\/logo\\\/image\\\/\",\"url\":\"https:\\\/\\\/malkiradio.com\\\/inicio\\\/wp-content\\\/uploads\\\/2019\\\/09\\\/cropped-cropped-Logo-MALKI-Radio-fondo-transparente-e1570635948644.png\",\"contentUrl\":\"https:\\\/\\\/malkiradio.com\\\/inicio\\\/wp-content\\\/uploads\\\/2019\\\/09\\\/cropped-cropped-Logo-MALKI-Radio-fondo-transparente-e1570635948644.png\",\"width\":512,\"height\":512,\"caption\":\"MALKI Radio World Music\"},\"image\":{\"@id\":\"https:\\\/\\\/malkiradio.com\\\/inicio\\\/#\\\/schema\\\/logo\\\/image\\\/\"},\"sameAs\":[\"https:\\\/\\\/www.facebook.com\\\/malkiradio\",\"https:\\\/\\\/x.com\\\/malkiradio\",\"https:\\\/\\\/www.instagram.com\\\/malki_producciones\\\/\",\"https:\\\/\\\/www.linkedin.com\\\/in\\\/malki-media-4a7474136\\\/\",\"https:\\\/\\\/www.youtube.com\\\/user\\\/malkitv\"]}]}<\/script>\n<!-- \/ Yoast SEO plugin. -->","yoast_head_json":{"title":"MALKI Radio World Music - Musique d'Am\u00e9rique latine et du Monde","description":"Musique de l'Am\u00e9rique latine et du quatre coins du Monde. Tr\u00e8s vari\u00e9e !!... LLAQTAKUNAPI les jeudis: musique traditionnelle latino-am\u00e9ricaine","robots":{"index":"index","follow":"follow","max-snippet":"max-snippet:-1","max-image-preview":"max-image-preview:large","max-video-preview":"max-video-preview:-1"},"canonical":"https:\/\/malkiradio.com\/inicio\/","og_locale":"fr_FR","og_type":"article","og_title":"MALKI Radio World Music - Musique de l'Am\u00e9rique latine et du Monde","og_description":"Station en ligne qui transmet toutes sortes de contenu li","og_url":"https:\/\/malkiradio.com\/inicio\/","og_site_name":"MALKI Radio World Music","article_publisher":"https:\/\/www.facebook.com\/malkiradio","article_modified_time":"2023-05-22T13:08:29+00:00","og_image":[{"width":512,"height":512,"url":"https:\/\/malkiradio.com\/inicio\/wp-content\/uploads\/2019\/09\/cropped-cropped-Logo-MALKI-Radio-fondo-transparente-e1570635948644.png","type":"image\/png"}],"twitter_card":"summary_large_image","twitter_title":"MALKI Radio World Music - Musique de l'Am\u00e9rique latine et du Monde","twitter_description":"Station en ligne qui transmet toutes sortes de contenu li","twitter_site":"@malkiradio","twitter_misc":{"Dur\u00e9e de lecture estim\u00e9e":"2 minutes"},"schema":{"@context":"https:\/\/schema.org","@graph":[{"@type":"WebPage","@id":"https:\/\/malkiradio.com\/inicio\/","url":"https:\/\/malkiradio.com\/inicio\/","name":"MALKI Radio World Music - Musique d'Am\u00e9rique latine et du Monde","isPartOf":{"@id":"https:\/\/malkiradio.com\/inicio\/#website"},"primaryImageOfPage":{"@id":"https:\/\/malkiradio.com\/inicio\/#primaryimage"},"image":{"@id":"https:\/\/malkiradio.com\/inicio\/#primaryimage"},"thumbnailUrl":"https:\/\/malkiradio.com\/inicio\/wp-content\/uploads\/2019\/09\/Logo-MALKI-Radio-fondo-transparente-e1570635948644.png","datePublished":"2019-09-20T22:45:31+00:00","dateModified":"2023-05-22T13:08:29+00:00","description":"Musique de l'Am\u00e9rique latine et du quatre coins du Monde. Tr\u00e8s vari\u00e9e !!... LLAQTAKUNAPI les jeudis: musique traditionnelle latino-am\u00e9ricaine","breadcrumb":{"@id":"https:\/\/malkiradio.com\/inicio\/#breadcrumb"},"inLanguage":"fr-FR","potentialAction":[{"@type":"ReadAction","target":["https:\/\/malkiradio.com\/inicio\/"]}]},{"@type":"ImageObject","inLanguage":"fr-FR","@id":"https:\/\/malkiradio.com\/inicio\/#primaryimage","url":"https:\/\/malkiradio.com\/inicio\/wp-content\/uploads\/2019\/09\/Logo-MALKI-Radio-fondo-transparente-e1570635948644.png","contentUrl":"https:\/\/malkiradio.com\/inicio\/wp-content\/uploads\/2019\/09\/Logo-MALKI-Radio-fondo-transparente-e1570635948644.png","width":1331,"height":1331,"caption":"Musique de l'Am"},{"@type":"BreadcrumbList","@id":"https:\/\/malkiradio.com\/inicio\/#breadcrumb","itemListElement":[{"@type":"ListItem","position":1,"name":"Accueil","item":"https:\/\/malkiradio.com\/inicio\/"},{"@type":"ListItem","position":2,"name":"MALKI Radio World Music"}]},{"@type":"WebSite","@id":"https:\/\/malkiradio.com\/inicio\/#website","url":"https:\/\/malkiradio.com\/inicio\/","name":"MALKI Radio World Music","description":"Musique de l&#039;Am\u00e9rique latine et du Monde","publisher":{"@id":"https:\/\/malkiradio.com\/inicio\/#organization"},"potentialAction":[{"@type":"SearchAction","target":{"@type":"EntryPoint","urlTemplate":"https:\/\/malkiradio.com\/inicio\/?s={search_term_string}"},"query-input":{"@type":"PropertyValueSpecification","valueRequired":true,"valueName":"search_term_string"}}],"inLanguage":"fr-FR"},{"@type":"Organization","@id":"https:\/\/malkiradio.com\/inicio\/#organization","name":"MALKI Radio World Music","alternateName":"MALKI Radio","url":"https:\/\/malkiradio.com\/inicio\/","logo":{"@type":"ImageObject","inLanguage":"fr-FR","@id":"https:\/\/malkiradio.com\/inicio\/#\/schema\/logo\/image\/","url":"https:\/\/malkiradio.com\/inicio\/wp-content\/uploads\/2019\/09\/cropped-cropped-Logo-MALKI-Radio-fondo-transparente-e1570635948644.png","contentUrl":"https:\/\/malkiradio.com\/inicio\/wp-content\/uploads\/2019\/09\/cropped-cropped-Logo-MALKI-Radio-fondo-transparente-e1570635948644.png","width":512,"height":512,"caption":"MALKI Radio World Music"},"image":{"@id":"https:\/\/malkiradio.com\/inicio\/#\/schema\/logo\/image\/"},"sameAs":["https:\/\/www.facebook.com\/malkiradio","https:\/\/x.com\/malkiradio","https:\/\/www.instagram.com\/malki_producciones\/","https:\/\/www.linkedin.com\/in\/malki-media-4a7474136\/","https:\/\/www.youtube.com\/user\/malkitv"]}]}},"_links":{"self":[{"href":"https:\/\/malkiradio.com\/inicio\/wp-json\/wp\/v2\/pages\/5","targetHints":{"allow":["GET"]}}],"collection":[{"href":"https:\/\/malkiradio.com\/inicio\/wp-json\/wp\/v2\/pages"}],"about":[{"href":"https:\/\/malkiradio.com\/inicio\/wp-json\/wp\/v2\/types\/page"}],"author":[{"embeddable":true,"href":"https:\/\/malkiradio.com\/inicio\/wp-json\/wp\/v2\/users\/1"}],"replies":[{"embeddable":true,"href":"https:\/\/malkiradio.com\/inicio\/wp-json\/wp\/v2\/comments?post=5"}],"version-history":[{"count":60,"href":"https:\/\/malkiradio.com\/inicio\/wp-json\/wp\/v2\/pages\/5\/revisions"}],"predecessor-version":[{"id":702,"href":"https:\/\/malkiradio.com\/inicio\/wp-json\/wp\/v2\/pages\/5\/revisions\/702"}],"wp:featuredmedia":[{"embeddable":true,"href":"https:\/\/malkiradio.com\/inicio\/wp-json\/wp\/v2\/media\/87"}],"wp:attachment":[{"href":"https:\/\/malkiradio.com\/inicio\/wp-json\/wp\/v2\/media?parent=5"}],"curies":[{"name":"wp","href":"https:\/\/api.w.org\/{rel}","templated":true}]}}